{"id":5956,"date":"2026-04-08T09:06:27","date_gmt":"2026-04-08T07:06:27","guid":{"rendered":"https:\/\/deutschecredit.eu\/?page_id=5956"},"modified":"2026-04-08T09:29:10","modified_gmt":"2026-04-08T07:29:10","slug":"fuer-kreditnehmer","status":"publish","type":"page","link":"https:\/\/deutschecredit.eu\/de\/fuer-kreditnehmer\/","title":{"rendered":"F\u00fcr Kreditnehmer"},"content":{"rendered":"\t\t<div data-elementor-type=\"wp-page\" data-elementor-id=\"5956\" class=\"elementor elementor-5956\" data-elementor-post-type=\"page\">\n\t\t\t\t<div class=\"elementor-element elementor-element-f96c6df e-flex e-con-boxed e-con e-parent\" data-id=\"f96c6df\" data-element_type=\"container\" data-e-type=\"container\" data-settings=\"{&quot;background_background&quot;:&quot;classic&quot;}\">\n\t\t\t\t\t<div class=\"e-con-inner\">\n\t\t<div class=\"elementor-element elementor-element-e9a9c8b e-con-full e-flex e-con e-child\" data-id=\"e9a9c8b\" data-element_type=\"container\" data-e-type=\"container\">\n\t\t\t\t<div class=\"elementor-element elementor-element-e6cd7c9 elementor-invisible elementor-widget elementor-widget-heading\" data-id=\"e6cd7c9\" data-element_type=\"widget\" data-e-type=\"widget\" data-settings=\"{&quot;_animation&quot;:&quot;fadeInUp&quot;,&quot;_animation_delay&quot;:350,&quot;ekit_we_effect_on&quot;:&quot;none&quot;}\" data-widget_type=\"heading.default\">\n\t\t\t\t\t<div class=\"elementor-heading-title elementor-size-default\">Unser Angebot f\u00fcr Kreditnehmer<\/div>\t\t\t\t<\/div>\n\t\t\t\t<div class=\"elementor-element elementor-element-630a28c elementor-invisible elementor-widget elementor-widget-heading\" data-id=\"630a28c\" data-element_type=\"widget\" data-e-type=\"widget\" data-settings=\"{&quot;_animation&quot;:&quot;fadeInUp&quot;,&quot;_animation_delay&quot;:300,&quot;ekit_we_effect_on&quot;:&quot;none&quot;}\" data-widget_type=\"heading.default\">\n\t\t\t\t\t<h1 class=\"elementor-heading-title elementor-size-default\">Wir bieten Ihnen ein breites Spektrum an Finanzierungsinstrumenten entlang der gesamten Kapitalstruktur. Dabei passen wir unsere Finanzierungsl\u00f6sungen individuell an den Finanzierungsbedarf Ihres Unternehmens an.<\/h1>\t\t\t\t<\/div>\n\t\t\t\t<\/div>\n\t\t\t\t\t<\/div>\n\t\t\t\t<\/div>\n\t\t<div class=\"elementor-element elementor-element-67b09819 e-flex e-con-boxed e-con e-parent\" data-id=\"67b09819\" data-element_type=\"container\" data-e-type=\"container\" data-settings=\"{&quot;background_background&quot;:&quot;classic&quot;}\">\n\t\t\t\t\t<div class=\"e-con-inner\">\n\t\t\t\t<div class=\"elementor-element elementor-element-45267e7 elementor-widget elementor-widget-heading\" data-id=\"45267e7\" data-element_type=\"widget\" data-e-type=\"widget\" data-settings=\"{&quot;ekit_we_effect_on&quot;:&quot;none&quot;}\" data-widget_type=\"heading.default\">\n\t\t\t\t\t<h2 class=\"elementor-heading-title elementor-size-default\">Wir fokussieren uns dabei auf die folgenden Kriterien:<\/h2>\t\t\t\t<\/div>\n\t\t\t\t<div class=\"elementor-element elementor-element-197ac8a elementor-widget elementor-widget-elementskit-accordion\" data-id=\"197ac8a\" data-element_type=\"widget\" data-e-type=\"widget\" data-settings=\"{&quot;ekit_we_effect_on&quot;:&quot;none&quot;}\" data-widget_type=\"elementskit-accordion.default\">\n\t\t\t\t\t<div class=\"ekit-wid-con\" >\n        <div class=\"elementskit-accordion accoedion-primary\" id=\"accordion-69df1012ace9f\">\n\n            \n                <div class=\"elementskit-card \">\n                    <div class=\"elementskit-card-header\" id=\"primaryHeading-0-197ac8a\">\n                        <a href=\"#collapse-148af8869df1012ace9f\" class=\"ekit-accordion--toggler elementskit-btn-link collapsed\" data-ekit-toggle=\"collapse\" data-target=\"#Collapse-148af8869df1012ace9f\" aria-expanded=\"false\" aria-controls=\"Collapse-148af8869df1012ace9f\">\n                            \n                            <span class=\"ekit-accordion-title\">Region<\/span>\n\n                            \n                                <div class=\"ekit_accordion_icon_group\">\n                                    <div class=\"ekit_accordion_normal_icon\">\n                                        <!-- Normal Icon -->\n\t\t\t\t\t\t\t\t\t\t<i class=\" ti-plus\"><\/i>                                    <\/div>\n\n                                    <div class=\"ekit_accordion_active_icon\">\n                                        <!-- Active Icon -->\n\t\t\t\t\t\t\t\t\t\t<i class=\" ti-minus\"><\/i>                                    <\/div>\n                                <\/div>\n\n                            \n                                                    <\/a>\n                    <\/div>\n\n                    <div id=\"Collapse-148af8869df1012ace9f\" class=\" collapse\" aria-labelledby=\"primaryHeading-0-197ac8a\" data-parent=\"#accordion-69df1012ace9f\">\n\n                        <div class=\"elementskit-card-body ekit-accordion--content\">\n                            <p>Wir investieren mit einem starken regionalen Fokus auf die Kernm\u00e4rkte DACH, BeNeLux, Skandinavien, sowie selektiv in weiteren europ\u00e4ischen Jurisdiktionen.<\/p>                        <\/div>\n\n                    <\/div>\n\n                <\/div><!-- .elementskit-card END -->\n\n                \n                <div class=\"elementskit-card \">\n                    <div class=\"elementskit-card-header\" id=\"primaryHeading-1-197ac8a\">\n                        <a href=\"#collapse-418005469df1012ace9f\" class=\"ekit-accordion--toggler elementskit-btn-link collapsed\" data-ekit-toggle=\"collapse\" data-target=\"#Collapse-418005469df1012ace9f\" aria-expanded=\"false\" aria-controls=\"Collapse-418005469df1012ace9f\">\n                            \n                            <span class=\"ekit-accordion-title\">Finanzierungssituationen<\/span>\n\n                            \n                                <div class=\"ekit_accordion_icon_group\">\n                                    <div class=\"ekit_accordion_normal_icon\">\n                                        <!-- Normal Icon -->\n\t\t\t\t\t\t\t\t\t\t<i class=\" ti-plus\"><\/i>                                    <\/div>\n\n                                    <div class=\"ekit_accordion_active_icon\">\n                                        <!-- Active Icon -->\n\t\t\t\t\t\t\t\t\t\t<i class=\" ti-minus\"><\/i>                                    <\/div>\n                                <\/div>\n\n                            \n                                                    <\/a>\n                    <\/div>\n\n                    <div id=\"Collapse-418005469df1012ace9f\" class=\" collapse\" aria-labelledby=\"primaryHeading-1-197ac8a\" data-parent=\"#accordion-69df1012ace9f\">\n\n                        <div class=\"elementskit-card-body ekit-accordion--content\">\n                            <p>Wir unterst\u00fctzen unsere Kunden mit besicherten und unbesicherten Darlehen bei Investitionen und organischem Wachstum, bei Akquisitionen sowie bei Refinanzierungen bestehender Finanzierungsstrukturen.<\/p><p>Wir fokussieren uns hierbei auf Unternehmen mit einem erfolgreichen und erfahrenen Management, einer guten Marktpositionierung und einem stabilen Gesch\u00e4ftsmodell.<\/p>                        <\/div>\n\n                    <\/div>\n\n                <\/div><!-- .elementskit-card END -->\n\n                \n                <div class=\"elementskit-card \">\n                    <div class=\"elementskit-card-header\" id=\"primaryHeading-2-197ac8a\">\n                        <a href=\"#collapse-30b987869df1012ace9f\" class=\"ekit-accordion--toggler elementskit-btn-link collapsed\" data-ekit-toggle=\"collapse\" data-target=\"#Collapse-30b987869df1012ace9f\" aria-expanded=\"false\" aria-controls=\"Collapse-30b987869df1012ace9f\">\n                            \n                            <span class=\"ekit-accordion-title\">Unternehmensgr\u00f6\u00dfe<\/span>\n\n                            \n                                <div class=\"ekit_accordion_icon_group\">\n                                    <div class=\"ekit_accordion_normal_icon\">\n                                        <!-- Normal Icon -->\n\t\t\t\t\t\t\t\t\t\t<i class=\" ti-plus\"><\/i>                                    <\/div>\n\n                                    <div class=\"ekit_accordion_active_icon\">\n                                        <!-- Active Icon -->\n\t\t\t\t\t\t\t\t\t\t<i class=\" ti-minus\"><\/i>                                    <\/div>\n                                <\/div>\n\n                            \n                                                    <\/a>\n                    <\/div>\n\n                    <div id=\"Collapse-30b987869df1012ace9f\" class=\" collapse\" aria-labelledby=\"primaryHeading-2-197ac8a\" data-parent=\"#accordion-69df1012ace9f\">\n\n                        <div class=\"elementskit-card-body ekit-accordion--content\">\n                            <p>Die von uns finanzierten mittelst\u00e4ndischen Unternehmen haben in der Regel zwischen \u20ac 25 Millionen und \u20ac 1 Milliarde an Umsatz und ein EBITDA in H\u00f6he von mindestens \u20ac 5 Millionen.<\/p>                        <\/div>\n\n                    <\/div>\n\n                <\/div><!-- .elementskit-card END -->\n\n                \n                <div class=\"elementskit-card \">\n                    <div class=\"elementskit-card-header\" id=\"primaryHeading-3-197ac8a\">\n                        <a href=\"#collapse-c2ff35569df1012ace9f\" class=\"ekit-accordion--toggler elementskit-btn-link collapsed\" data-ekit-toggle=\"collapse\" data-target=\"#Collapse-c2ff35569df1012ace9f\" aria-expanded=\"false\" aria-controls=\"Collapse-c2ff35569df1012ace9f\">\n                            \n                            <span class=\"ekit-accordion-title\">Kreditvolumina<\/span>\n\n                            \n                                <div class=\"ekit_accordion_icon_group\">\n                                    <div class=\"ekit_accordion_normal_icon\">\n                                        <!-- Normal Icon -->\n\t\t\t\t\t\t\t\t\t\t<i class=\" ti-plus\"><\/i>                                    <\/div>\n\n                                    <div class=\"ekit_accordion_active_icon\">\n                                        <!-- Active Icon -->\n\t\t\t\t\t\t\t\t\t\t<i class=\" ti-minus\"><\/i>                                    <\/div>\n                                <\/div>\n\n                            \n                                                    <\/a>\n                    <\/div>\n\n                    <div id=\"Collapse-c2ff35569df1012ace9f\" class=\" collapse\" aria-labelledby=\"primaryHeading-3-197ac8a\" data-parent=\"#accordion-69df1012ace9f\">\n\n                        <div class=\"elementskit-card-body ekit-accordion--content\">\n                            <p>Je nach Finanzierungssituation, Art des Darlehens und Bonit\u00e4t k\u00f6nnen wir Ihnen Finanzierungsl\u00f6sungen zwischen \u20ac 10 Millionen und \u20ac 150 Millionen anbieten, wobei der Hauptfokus zwischen \u20ac 25 Millionen und \u20ac 75 Millionen liegt.<\/p>                        <\/div>\n\n                    <\/div>\n\n                <\/div><!-- .elementskit-card END -->\n\n                \n                <div class=\"elementskit-card \">\n                    <div class=\"elementskit-card-header\" id=\"primaryHeading-4-197ac8a\">\n                        <a href=\"#collapse-777f73069df1012ace9f\" class=\"ekit-accordion--toggler elementskit-btn-link collapsed\" data-ekit-toggle=\"collapse\" data-target=\"#Collapse-777f73069df1012ace9f\" aria-expanded=\"false\" aria-controls=\"Collapse-777f73069df1012ace9f\">\n                            \n                            <span class=\"ekit-accordion-title\">Finanzierungsinstrumente<\/span>\n\n                            \n                                <div class=\"ekit_accordion_icon_group\">\n                                    <div class=\"ekit_accordion_normal_icon\">\n                                        <!-- Normal Icon -->\n\t\t\t\t\t\t\t\t\t\t<i class=\" ti-plus\"><\/i>                                    <\/div>\n\n                                    <div class=\"ekit_accordion_active_icon\">\n                                        <!-- Active Icon -->\n\t\t\t\t\t\t\t\t\t\t<i class=\" ti-minus\"><\/i>                                    <\/div>\n                                <\/div>\n\n                            \n                                                    <\/a>\n                    <\/div>\n\n                    <div id=\"Collapse-777f73069df1012ace9f\" class=\" collapse\" aria-labelledby=\"primaryHeading-4-197ac8a\" data-parent=\"#accordion-69df1012ace9f\">\n\n                        <div class=\"elementskit-card-body ekit-accordion--content\">\n                            <p>Wir verf\u00fcgen \u00fcber eine breite Palette an Finanzierungsoptionen, die aus erst- und zweitrangig besicherten Darlehen, bis hin zu flexibel ausgestaltetem Nachrangkapital sowie hybriden und eigenkapitalersetzenden Instrumenten besteht.<\/p><p>Im Bereich der Senior Finanzierung reicht unser Angebot von klassischen Senior Krediten, \u00fcber strukturierte bis hin zu ma\u00dfgeschneiderten Unitranche Finanzierungen.<\/p>                        <\/div>\n\n                    <\/div>\n\n                <\/div><!-- .elementskit-card END -->\n\n                                        <\/div>\n    <\/div>\t\t\t\t<\/div>\n\t\t\t\t\t<\/div>\n\t\t\t\t<\/div>\n\t\t<div class=\"elementor-element elementor-element-14f671b e-flex e-con-boxed e-con e-parent\" data-id=\"14f671b\" data-element_type=\"container\" data-e-type=\"container\" data-settings=\"{&quot;background_background&quot;:&quot;classic&quot;}\">\n\t\t\t\t\t<div class=\"e-con-inner\">\n\t\t<div class=\"elementor-element elementor-element-4057a1e e-con-full e-flex elementor-invisible e-con e-child\" data-id=\"4057a1e\" data-element_type=\"container\" data-e-type=\"container\" data-settings=\"{&quot;animation&quot;:&quot;fadeInRight&quot;,&quot;animation_delay&quot;:200}\">\n\t\t\t\t<div class=\"elementor-element elementor-element-4f90259 elementor-widget elementor-widget-heading\" data-id=\"4f90259\" data-element_type=\"widget\" data-e-type=\"widget\" data-settings=\"{&quot;ekit_we_effect_on&quot;:&quot;none&quot;}\" data-widget_type=\"heading.default\">\n\t\t\t\t\t<div class=\"elementor-heading-title elementor-size-default\">Wir freuen uns auf Ihre Anfrage!<\/div>\t\t\t\t<\/div>\n\t\t\t\t<div class=\"elementor-element elementor-element-d8a3203 elementor-align-center elementor-widget elementor-widget-button\" data-id=\"d8a3203\" data-element_type=\"widget\" data-e-type=\"widget\" data-settings=\"{&quot;ekit_we_effect_on&quot;:&quot;none&quot;}\" data-widget_type=\"button.default\">\n\t\t\t\t\t\t\t\t\t\t<a class=\"elementor-button elementor-button-link elementor-size-sm\" href=\"&#109;&#x61;i&#108;&#x74;o&#58;&#x69;n&#102;&#x6f;&#64;&#100;&#x65;u&#116;&#x73;c&#104;&#x65;c&#114;&#x65;d&#105;&#x74;&#46;&#101;&#x75;\">\n\t\t\t\t\t\t<span class=\"elementor-button-content-wrapper\">\n\t\t\t\t\t\t<span class=\"elementor-button-icon\">\n\t\t\t\t<i aria-hidden=\"true\" class=\"mdi mdi-calendar-month\"><\/i>\t\t\t<\/span>\n\t\t\t\t\t\t\t\t\t<span class=\"elementor-button-text\">Anfrage senden<\/span>\n\t\t\t\t\t<\/span>\n\t\t\t\t\t<\/a>\n\t\t\t\t\t\t\t\t<\/div>\n\t\t\t\t<\/div>\n\t\t\t\t\t<\/div>\n\t\t\t\t<\/div>\n\t\t\t\t<\/div>\n\t\t","protected":false},"excerpt":{"rendered":"<p>Unser Angebot f\u00fcr Kreditnehmer Wir bieten Ihnen ein breites Spektrum an Finanzierungsinstrumenten entlang der gesamten Kapitalstruktur. Dabei passen wir unsere Finanzierungsl\u00f6sungen individuell an den Finanzierungsbedarf Ihres Unternehmens an. Wir fokussieren uns dabei auf die folgenden Kriterien: Region Wir investieren mit einem starken regionalen Fokus auf die Kernm\u00e4rkte DACH, BeNeLux, Skandinavien, sowie selektiv in weiteren europ\u00e4ischen [&hellip;]<\/p>\n","protected":false},"author":12,"featured_media":0,"parent":0,"menu_order":10,"comment_status":"closed","ping_status":"closed","template":"elementor_header_footer","meta":{"_acf_changed":false,"footnotes":""},"class_list":["post-5956","page","type-page","status-publish","hentry"],"acf":[],"yoast_head":"<!-- This site is optimized with the Yoast SEO plugin v27.4 - https:\/\/yoast.com\/product\/yoast-seo-wordpress\/ -->\n<title>F\u00fcr Kreditnehmer &#8211; Deutsche Credit<\/title>\n<meta name=\"robots\" content=\"index, follow, max-snippet:-1, max-image-preview:large, max-video-preview:-1\" \/>\n<link rel=\"canonical\" href=\"https:\/\/deutschecredit.eu\/de\/fuer-kreditnehmer\/\" \/>\n<meta property=\"og:locale\" content=\"de_DE\" \/>\n<meta property=\"og:type\" content=\"article\" \/>\n<meta property=\"og:title\" content=\"F\u00fcr Kreditnehmer &#8211; Deutsche Credit\" \/>\n<meta property=\"og:description\" content=\"Unser Angebot f\u00fcr Kreditnehmer Wir bieten Ihnen ein breites Spektrum an Finanzierungsinstrumenten entlang der gesamten Kapitalstruktur. Dabei passen wir unsere Finanzierungsl\u00f6sungen individuell an den Finanzierungsbedarf Ihres Unternehmens an. Wir fokussieren uns dabei auf die folgenden Kriterien: Region Wir investieren mit einem starken regionalen Fokus auf die Kernm\u00e4rkte DACH, BeNeLux, Skandinavien, sowie selektiv in weiteren europ\u00e4ischen [&hellip;]\" \/>\n<meta property=\"og:url\" content=\"https:\/\/deutschecredit.eu\/de\/fuer-kreditnehmer\/\" \/>\n<meta property=\"og:site_name\" content=\"Deutsche Credit\" \/>\n<meta property=\"article:modified_time\" content=\"2026-04-08T07:29:10+00:00\" \/>\n<meta property=\"og:image\" content=\"https:\/\/deutschecredit.eu\/wp-content\/uploads\/2025\/10\/DeutscheCredit_Logo_Post.jpg\" \/>\n\t<meta property=\"og:image:width\" content=\"1920\" \/>\n\t<meta property=\"og:image:height\" content=\"1280\" \/>\n\t<meta property=\"og:image:type\" content=\"image\/jpeg\" \/>\n<script type=\"application\/ld+json\" class=\"yoast-schema-graph\">{\"@context\":\"https:\\\/\\\/schema.org\",\"@graph\":[{\"@type\":\"WebPage\",\"@id\":\"https:\\\/\\\/deutschecredit.eu\\\/de\\\/fuer-kreditnehmer\\\/\",\"url\":\"https:\\\/\\\/deutschecredit.eu\\\/de\\\/fuer-kreditnehmer\\\/\",\"name\":\"F\u00fcr Kreditnehmer &#8211; Deutsche Credit\",\"isPartOf\":{\"@id\":\"https:\\\/\\\/deutschecredit.eu\\\/de\\\/#website\"},\"datePublished\":\"2026-04-08T07:06:27+00:00\",\"dateModified\":\"2026-04-08T07:29:10+00:00\",\"breadcrumb\":{\"@id\":\"https:\\\/\\\/deutschecredit.eu\\\/de\\\/fuer-kreditnehmer\\\/#breadcrumb\"},\"inLanguage\":\"de\",\"potentialAction\":[{\"@type\":\"ReadAction\",\"target\":[\"https:\\\/\\\/deutschecredit.eu\\\/de\\\/fuer-kreditnehmer\\\/\"]}]},{\"@type\":\"BreadcrumbList\",\"@id\":\"https:\\\/\\\/deutschecredit.eu\\\/de\\\/fuer-kreditnehmer\\\/#breadcrumb\",\"itemListElement\":[{\"@type\":\"ListItem\",\"position\":1,\"name\":\"Startseite\",\"item\":\"https:\\\/\\\/deutschecredit.eu\\\/de\\\/\"},{\"@type\":\"ListItem\",\"position\":2,\"name\":\"F\u00fcr Kreditnehmer\"}]},{\"@type\":\"WebSite\",\"@id\":\"https:\\\/\\\/deutschecredit.eu\\\/de\\\/#website\",\"url\":\"https:\\\/\\\/deutschecredit.eu\\\/de\\\/\",\"name\":\"DCCP Deutsche Credit GmbH\",\"description\":\"\",\"publisher\":{\"@id\":\"https:\\\/\\\/deutschecredit.eu\\\/de\\\/#organization\"},\"alternateName\":\"Deutsche Credit\",\"potentialAction\":[{\"@type\":\"SearchAction\",\"target\":{\"@type\":\"EntryPoint\",\"urlTemplate\":\"https:\\\/\\\/deutschecredit.eu\\\/de\\\/?s={search_term_string}\"},\"query-input\":{\"@type\":\"PropertyValueSpecification\",\"valueRequired\":true,\"valueName\":\"search_term_string\"}}],\"inLanguage\":\"de\"},{\"@type\":\"Organization\",\"@id\":\"https:\\\/\\\/deutschecredit.eu\\\/de\\\/#organization\",\"name\":\"DCCP Deutsche Credit GmbH\",\"alternateName\":\"Deutsche Credit\",\"url\":\"https:\\\/\\\/deutschecredit.eu\\\/de\\\/\",\"logo\":{\"@type\":\"ImageObject\",\"inLanguage\":\"de\",\"@id\":\"https:\\\/\\\/deutschecredit.eu\\\/de\\\/#\\\/schema\\\/logo\\\/image\\\/\",\"url\":\"https:\\\/\\\/deutschecredit.eu\\\/wp-content\\\/uploads\\\/2018\\\/12\\\/logo-1.png\",\"contentUrl\":\"https:\\\/\\\/deutschecredit.eu\\\/wp-content\\\/uploads\\\/2018\\\/12\\\/logo-1.png\",\"width\":534,\"height\":102,\"caption\":\"DCCP Deutsche Credit GmbH\"},\"image\":{\"@id\":\"https:\\\/\\\/deutschecredit.eu\\\/de\\\/#\\\/schema\\\/logo\\\/image\\\/\"},\"sameAs\":[\"https:\\\/\\\/www.linkedin.com\\\/company\\\/dccp\\\/\"]}]}<\/script>\n<!-- \/ Yoast SEO plugin. -->","yoast_head_json":{"title":"F\u00fcr Kreditnehmer &#8211; Deutsche Credit","robots":{"index":"index","follow":"follow","max-snippet":"max-snippet:-1","max-image-preview":"max-image-preview:large","max-video-preview":"max-video-preview:-1"},"canonical":"https:\/\/deutschecredit.eu\/de\/fuer-kreditnehmer\/","og_locale":"de_DE","og_type":"article","og_title":"F\u00fcr Kreditnehmer &#8211; Deutsche Credit","og_description":"Unser Angebot f\u00fcr Kreditnehmer Wir bieten Ihnen ein breites Spektrum an Finanzierungsinstrumenten entlang der gesamten Kapitalstruktur. Dabei passen wir unsere Finanzierungsl\u00f6sungen individuell an den Finanzierungsbedarf Ihres Unternehmens an. Wir fokussieren uns dabei auf die folgenden Kriterien: Region Wir investieren mit einem starken regionalen Fokus auf die Kernm\u00e4rkte DACH, BeNeLux, Skandinavien, sowie selektiv in weiteren europ\u00e4ischen [&hellip;]","og_url":"https:\/\/deutschecredit.eu\/de\/fuer-kreditnehmer\/","og_site_name":"Deutsche Credit","article_modified_time":"2026-04-08T07:29:10+00:00","og_image":[{"width":1920,"height":1280,"url":"https:\/\/deutschecredit.eu\/wp-content\/uploads\/2025\/10\/DeutscheCredit_Logo_Post.jpg","type":"image\/jpeg"}],"schema":{"@context":"https:\/\/schema.org","@graph":[{"@type":"WebPage","@id":"https:\/\/deutschecredit.eu\/de\/fuer-kreditnehmer\/","url":"https:\/\/deutschecredit.eu\/de\/fuer-kreditnehmer\/","name":"F\u00fcr Kreditnehmer &#8211; Deutsche Credit","isPartOf":{"@id":"https:\/\/deutschecredit.eu\/de\/#website"},"datePublished":"2026-04-08T07:06:27+00:00","dateModified":"2026-04-08T07:29:10+00:00","breadcrumb":{"@id":"https:\/\/deutschecredit.eu\/de\/fuer-kreditnehmer\/#breadcrumb"},"inLanguage":"de","potentialAction":[{"@type":"ReadAction","target":["https:\/\/deutschecredit.eu\/de\/fuer-kreditnehmer\/"]}]},{"@type":"BreadcrumbList","@id":"https:\/\/deutschecredit.eu\/de\/fuer-kreditnehmer\/#breadcrumb","itemListElement":[{"@type":"ListItem","position":1,"name":"Startseite","item":"https:\/\/deutschecredit.eu\/de\/"},{"@type":"ListItem","position":2,"name":"F\u00fcr Kreditnehmer"}]},{"@type":"WebSite","@id":"https:\/\/deutschecredit.eu\/de\/#website","url":"https:\/\/deutschecredit.eu\/de\/","name":"DCCP Deutsche Credit GmbH","description":"","publisher":{"@id":"https:\/\/deutschecredit.eu\/de\/#organization"},"alternateName":"Deutsche Credit","potentialAction":[{"@type":"SearchAction","target":{"@type":"EntryPoint","urlTemplate":"https:\/\/deutschecredit.eu\/de\/?s={search_term_string}"},"query-input":{"@type":"PropertyValueSpecification","valueRequired":true,"valueName":"search_term_string"}}],"inLanguage":"de"},{"@type":"Organization","@id":"https:\/\/deutschecredit.eu\/de\/#organization","name":"DCCP Deutsche Credit GmbH","alternateName":"Deutsche Credit","url":"https:\/\/deutschecredit.eu\/de\/","logo":{"@type":"ImageObject","inLanguage":"de","@id":"https:\/\/deutschecredit.eu\/de\/#\/schema\/logo\/image\/","url":"https:\/\/deutschecredit.eu\/wp-content\/uploads\/2018\/12\/logo-1.png","contentUrl":"https:\/\/deutschecredit.eu\/wp-content\/uploads\/2018\/12\/logo-1.png","width":534,"height":102,"caption":"DCCP Deutsche Credit GmbH"},"image":{"@id":"https:\/\/deutschecredit.eu\/de\/#\/schema\/logo\/image\/"},"sameAs":["https:\/\/www.linkedin.com\/company\/dccp\/"]}]}},"_links":{"self":[{"href":"https:\/\/deutschecredit.eu\/de\/wp-json\/wp\/v2\/pages\/5956","targetHints":{"allow":["GET"]}}],"collection":[{"href":"https:\/\/deutschecredit.eu\/de\/wp-json\/wp\/v2\/pages"}],"about":[{"href":"https:\/\/deutschecredit.eu\/de\/wp-json\/wp\/v2\/types\/page"}],"author":[{"embeddable":true,"href":"https:\/\/deutschecredit.eu\/de\/wp-json\/wp\/v2\/users\/12"}],"replies":[{"embeddable":true,"href":"https:\/\/deutschecredit.eu\/de\/wp-json\/wp\/v2\/comments?post=5956"}],"version-history":[{"count":2,"href":"https:\/\/deutschecredit.eu\/de\/wp-json\/wp\/v2\/pages\/5956\/revisions"}],"predecessor-version":[{"id":5994,"href":"https:\/\/deutschecredit.eu\/de\/wp-json\/wp\/v2\/pages\/5956\/revisions\/5994"}],"wp:attachment":[{"href":"https:\/\/deutschecredit.eu\/de\/wp-json\/wp\/v2\/media?parent=5956"}],"curies":[{"name":"wp","href":"https:\/\/api.w.org\/{rel}","templated":true}]}}