{"id":5965,"date":"2026-04-08T09:10:27","date_gmt":"2026-04-08T07:10:27","guid":{"rendered":"https:\/\/deutschecredit.eu\/?page_id=5965"},"modified":"2026-04-08T09:29:19","modified_gmt":"2026-04-08T07:29:19","slug":"fuer-institutionelle-anleger","status":"publish","type":"page","link":"https:\/\/deutschecredit.eu\/de\/fuer-institutionelle-anleger\/","title":{"rendered":"F\u00fcr institutionelle Anleger"},"content":{"rendered":"\t\t<div data-elementor-type=\"wp-page\" data-elementor-id=\"5965\" class=\"elementor elementor-5965\" data-elementor-post-type=\"page\">\n\t\t\t\t<div class=\"elementor-element elementor-element-f96c6df e-flex e-con-boxed e-con e-parent\" data-id=\"f96c6df\" data-element_type=\"container\" data-e-type=\"container\" data-settings=\"{&quot;background_background&quot;:&quot;classic&quot;}\">\n\t\t\t\t\t<div class=\"e-con-inner\">\n\t\t<div class=\"elementor-element elementor-element-e9a9c8b e-con-full e-flex e-con e-child\" data-id=\"e9a9c8b\" data-element_type=\"container\" data-e-type=\"container\">\n\t\t\t\t<div class=\"elementor-element elementor-element-e6cd7c9 elementor-invisible elementor-widget elementor-widget-heading\" data-id=\"e6cd7c9\" data-element_type=\"widget\" data-e-type=\"widget\" data-settings=\"{&quot;_animation&quot;:&quot;fadeInUp&quot;,&quot;_animation_delay&quot;:350,&quot;ekit_we_effect_on&quot;:&quot;none&quot;}\" data-widget_type=\"heading.default\">\n\t\t\t\t\t<div class=\"elementor-heading-title elementor-size-default\">F\u00fcr institutionelle Anleger<\/div>\t\t\t\t<\/div>\n\t\t\t\t<div class=\"elementor-element elementor-element-630a28c elementor-invisible elementor-widget elementor-widget-heading\" data-id=\"630a28c\" data-element_type=\"widget\" data-e-type=\"widget\" data-settings=\"{&quot;_animation&quot;:&quot;fadeInUp&quot;,&quot;_animation_delay&quot;:300,&quot;ekit_we_effect_on&quot;:&quot;none&quot;}\" data-widget_type=\"heading.default\">\n\t\t\t\t\t<h1 class=\"elementor-heading-title elementor-size-default\">Diversifizierte, kontinental-europ\u00e4ische Private Credit Investments in mittelst\u00e4ndisch gepr\u00e4gte Unternehmen f\u00fcr professionelle Investoren.<\/h1>\t\t\t\t<\/div>\n\t\t\t\t<\/div>\n\t\t\t\t\t<\/div>\n\t\t\t\t<\/div>\n\t\t<div class=\"elementor-element elementor-element-67b09819 e-flex e-con-boxed e-con e-parent\" data-id=\"67b09819\" data-element_type=\"container\" data-e-type=\"container\" data-settings=\"{&quot;background_background&quot;:&quot;classic&quot;}\">\n\t\t\t\t\t<div class=\"e-con-inner\">\n\t\t\t\t<div class=\"elementor-element elementor-element-416d1d0 elementor-widget elementor-widget-elementskit-accordion\" data-id=\"416d1d0\" data-element_type=\"widget\" data-e-type=\"widget\" data-settings=\"{&quot;ekit_we_effect_on&quot;:&quot;none&quot;}\" data-widget_type=\"elementskit-accordion.default\">\n\t\t\t\t\t<div class=\"ekit-wid-con\" >\n        <div class=\"elementskit-accordion accoedion-primary\" id=\"accordion-69e06a20cdf2a\">\n\n            \n                <div class=\"elementskit-card \">\n                    <div class=\"elementskit-card-header\" id=\"primaryHeading-0-416d1d0\">\n                        <a href=\"#collapse-148af8869e06a20cdf2a\" class=\"ekit-accordion--toggler elementskit-btn-link collapsed\" data-ekit-toggle=\"collapse\" data-target=\"#Collapse-148af8869e06a20cdf2a\" aria-expanded=\"false\" aria-controls=\"Collapse-148af8869e06a20cdf2a\">\n                            \n                            <span class=\"ekit-accordion-title\">Senior Loans &amp; Senior Private Placements<\/span>\n\n                            \n                                <div class=\"ekit_accordion_icon_group\">\n                                    <div class=\"ekit_accordion_normal_icon\">\n                                        <!-- Normal Icon -->\n\t\t\t\t\t\t\t\t\t\t<i class=\" ti-plus\"><\/i>                                    <\/div>\n\n                                    <div class=\"ekit_accordion_active_icon\">\n                                        <!-- Active Icon -->\n\t\t\t\t\t\t\t\t\t\t<i class=\" ti-minus\"><\/i>                                    <\/div>\n                                <\/div>\n\n                            \n                                                    <\/a>\n                    <\/div>\n\n                    <div id=\"Collapse-148af8869e06a20cdf2a\" class=\" collapse\" aria-labelledby=\"primaryHeading-0-416d1d0\" data-parent=\"#accordion-69e06a20cdf2a\">\n\n                        <div class=\"elementskit-card-body ekit-accordion--content\">\n                            <p>Unsere Senior Loans &amp; Senior Private Placements Strategie fokussiert sich auf Kreditnehmer mit sehr guter Bonit\u00e4t (Investment Grade und Non-Investment Grade) im mittleren bis gehobenen Segment des Mittelstands, oftmals in Kombination mit einer klassischen Bankenfinanzierung.<\/p>                        <\/div>\n\n                    <\/div>\n\n                <\/div><!-- .elementskit-card END -->\n\n                \n                <div class=\"elementskit-card \">\n                    <div class=\"elementskit-card-header\" id=\"primaryHeading-1-416d1d0\">\n                        <a href=\"#collapse-418005469e06a20cdf2a\" class=\"ekit-accordion--toggler elementskit-btn-link collapsed\" data-ekit-toggle=\"collapse\" data-target=\"#Collapse-418005469e06a20cdf2a\" aria-expanded=\"false\" aria-controls=\"Collapse-418005469e06a20cdf2a\">\n                            \n                            <span class=\"ekit-accordion-title\">Senior Direct Lending<\/span>\n\n                            \n                                <div class=\"ekit_accordion_icon_group\">\n                                    <div class=\"ekit_accordion_normal_icon\">\n                                        <!-- Normal Icon -->\n\t\t\t\t\t\t\t\t\t\t<i class=\" ti-plus\"><\/i>                                    <\/div>\n\n                                    <div class=\"ekit_accordion_active_icon\">\n                                        <!-- Active Icon -->\n\t\t\t\t\t\t\t\t\t\t<i class=\" ti-minus\"><\/i>                                    <\/div>\n                                <\/div>\n\n                            \n                                                    <\/a>\n                    <\/div>\n\n                    <div id=\"Collapse-418005469e06a20cdf2a\" class=\" collapse\" aria-labelledby=\"primaryHeading-1-416d1d0\" data-parent=\"#accordion-69e06a20cdf2a\">\n\n                        <div class=\"elementskit-card-body ekit-accordion--content\">\n                            <p>Unsere Senior Direct Lending Strategie fokussiert sich auf generell erstrangig besicherte Performing Credits vor allem im mittleren Segment des Mittelstands, in der Regel \u00fcber individuell strukturierte, bilaterale Kreditl\u00f6sungen via Stretched Senior und Unitranche Finanzierungen.<\/p>                        <\/div>\n\n                    <\/div>\n\n                <\/div><!-- .elementskit-card END -->\n\n                \n                <div class=\"elementskit-card \">\n                    <div class=\"elementskit-card-header\" id=\"primaryHeading-2-416d1d0\">\n                        <a href=\"#collapse-30b987869e06a20cdf2a\" class=\"ekit-accordion--toggler elementskit-btn-link collapsed\" data-ekit-toggle=\"collapse\" data-target=\"#Collapse-30b987869e06a20cdf2a\" aria-expanded=\"false\" aria-controls=\"Collapse-30b987869e06a20cdf2a\">\n                            \n                            <span class=\"ekit-accordion-title\">Opportunistic Credit<\/span>\n\n                            \n                                <div class=\"ekit_accordion_icon_group\">\n                                    <div class=\"ekit_accordion_normal_icon\">\n                                        <!-- Normal Icon -->\n\t\t\t\t\t\t\t\t\t\t<i class=\" ti-plus\"><\/i>                                    <\/div>\n\n                                    <div class=\"ekit_accordion_active_icon\">\n                                        <!-- Active Icon -->\n\t\t\t\t\t\t\t\t\t\t<i class=\" ti-minus\"><\/i>                                    <\/div>\n                                <\/div>\n\n                            \n                                                    <\/a>\n                    <\/div>\n\n                    <div id=\"Collapse-30b987869e06a20cdf2a\" class=\" collapse\" aria-labelledby=\"primaryHeading-2-416d1d0\" data-parent=\"#accordion-69e06a20cdf2a\">\n\n                        <div class=\"elementskit-card-body ekit-accordion--content\">\n                            <p>Unsere Opportunistic Credit Strategie fokussiert sich auf die Strukturierung und das Arrangieren von innovativen und oftmals komplexeren Finanzierungsl\u00f6sungen f\u00fcr mittelst\u00e4ndische Unternehmen, zum Beispiel in hohen Wachstums- oder Sondersituationen.<\/p>                        <\/div>\n\n                    <\/div>\n\n                <\/div><!-- .elementskit-card END -->\n\n                                        <\/div>\n    <\/div>\t\t\t\t<\/div>\n\t\t\t\t\t<\/div>\n\t\t\t\t<\/div>\n\t\t<div class=\"elementor-element elementor-element-1ec1578a e-flex e-con-boxed e-con e-parent\" data-id=\"1ec1578a\" data-element_type=\"container\" data-e-type=\"container\" data-settings=\"{&quot;background_background&quot;:&quot;classic&quot;}\">\n\t\t\t\t\t<div class=\"e-con-inner\">\n\t\t<div class=\"elementor-element elementor-element-307bb61c e-con-full e-flex elementor-invisible e-con e-child\" data-id=\"307bb61c\" data-element_type=\"container\" data-e-type=\"container\" data-settings=\"{&quot;animation&quot;:&quot;fadeInRight&quot;,&quot;animation_delay&quot;:200}\">\n\t\t\t\t<div class=\"elementor-element elementor-element-3fdc60cc elementor-widget elementor-widget-heading\" data-id=\"3fdc60cc\" data-element_type=\"widget\" data-e-type=\"widget\" data-settings=\"{&quot;ekit_we_effect_on&quot;:&quot;none&quot;}\" data-widget_type=\"heading.default\">\n\t\t\t\t\t<div class=\"elementor-heading-title elementor-size-default\">Wir freuen uns auf Ihre Anfrage!<\/div>\t\t\t\t<\/div>\n\t\t\t\t<div class=\"elementor-element elementor-element-26530d33 elementor-align-center elementor-widget elementor-widget-button\" data-id=\"26530d33\" data-element_type=\"widget\" data-e-type=\"widget\" data-settings=\"{&quot;ekit_we_effect_on&quot;:&quot;none&quot;}\" data-widget_type=\"button.default\">\n\t\t\t\t\t\t\t\t\t\t<a class=\"elementor-button elementor-button-link elementor-size-sm\" href=\"&#109;a&#x69;l&#x74;&#111;&#x3a;&#105;&#x6e;&#102;o&#x40;d&#x65;&#117;&#x74;&#115;&#x63;&#104;&#x65;&#99;r&#x65;d&#x69;&#116;&#x2e;&#101;&#x75;\">\n\t\t\t\t\t\t<span class=\"elementor-button-content-wrapper\">\n\t\t\t\t\t\t<span class=\"elementor-button-icon\">\n\t\t\t\t<i aria-hidden=\"true\" class=\"mdi mdi-calendar-month\"><\/i>\t\t\t<\/span>\n\t\t\t\t\t\t\t\t\t<span class=\"elementor-button-text\">Anfrage senden<\/span>\n\t\t\t\t\t<\/span>\n\t\t\t\t\t<\/a>\n\t\t\t\t\t\t\t\t<\/div>\n\t\t\t\t<\/div>\n\t\t\t\t\t<\/div>\n\t\t\t\t<\/div>\n\t\t\t\t<\/div>\n\t\t","protected":false},"excerpt":{"rendered":"<p>F\u00fcr institutionelle Anleger Diversifizierte, kontinental-europ\u00e4ische Private Credit Investments in mittelst\u00e4ndisch gepr\u00e4gte Unternehmen f\u00fcr professionelle Investoren. Senior Loans &amp; Senior Private Placements Unsere Senior Loans &amp; Senior Private Placements Strategie fokussiert sich auf Kreditnehmer mit sehr guter Bonit\u00e4t (Investment Grade und Non-Investment Grade) im mittleren bis gehobenen Segment des Mittelstands, oftmals in Kombination mit einer klassischen [&hellip;]<\/p>\n","protected":false},"author":12,"featured_media":0,"parent":0,"menu_order":24,"comment_status":"closed","ping_status":"closed","template":"elementor_header_footer","meta":{"_acf_changed":false,"footnotes":""},"class_list":["post-5965","page","type-page","status-publish","hentry"],"acf":[],"yoast_head":"<!-- This site is optimized with the Yoast SEO plugin v27.4 - https:\/\/yoast.com\/product\/yoast-seo-wordpress\/ -->\n<title>F\u00fcr institutionelle Anleger &#8211; Deutsche Credit<\/title>\n<meta name=\"robots\" content=\"index, follow, max-snippet:-1, max-image-preview:large, max-video-preview:-1\" \/>\n<link rel=\"canonical\" href=\"https:\/\/deutschecredit.eu\/de\/fuer-institutionelle-anleger\/\" \/>\n<meta property=\"og:locale\" content=\"de_DE\" \/>\n<meta property=\"og:type\" content=\"article\" \/>\n<meta property=\"og:title\" content=\"F\u00fcr institutionelle Anleger &#8211; Deutsche Credit\" \/>\n<meta property=\"og:description\" content=\"F\u00fcr institutionelle Anleger Diversifizierte, kontinental-europ\u00e4ische Private Credit Investments in mittelst\u00e4ndisch gepr\u00e4gte Unternehmen f\u00fcr professionelle Investoren. Senior Loans &amp; Senior Private Placements Unsere Senior Loans &amp; Senior Private Placements Strategie fokussiert sich auf Kreditnehmer mit sehr guter Bonit\u00e4t (Investment Grade und Non-Investment Grade) im mittleren bis gehobenen Segment des Mittelstands, oftmals in Kombination mit einer klassischen [&hellip;]\" \/>\n<meta property=\"og:url\" content=\"https:\/\/deutschecredit.eu\/de\/fuer-institutionelle-anleger\/\" \/>\n<meta property=\"og:site_name\" content=\"Deutsche Credit\" \/>\n<meta property=\"article:modified_time\" content=\"2026-04-08T07:29:19+00:00\" \/>\n<meta property=\"og:image\" content=\"https:\/\/deutschecredit.eu\/wp-content\/uploads\/2025\/10\/DeutscheCredit_Logo_Post.jpg\" \/>\n\t<meta property=\"og:image:width\" content=\"1920\" \/>\n\t<meta property=\"og:image:height\" content=\"1280\" \/>\n\t<meta property=\"og:image:type\" content=\"image\/jpeg\" \/>\n<script type=\"application\/ld+json\" class=\"yoast-schema-graph\">{\"@context\":\"https:\\\/\\\/schema.org\",\"@graph\":[{\"@type\":\"WebPage\",\"@id\":\"https:\\\/\\\/deutschecredit.eu\\\/de\\\/fuer-institutionelle-anleger\\\/\",\"url\":\"https:\\\/\\\/deutschecredit.eu\\\/de\\\/fuer-institutionelle-anleger\\\/\",\"name\":\"F\u00fcr institutionelle Anleger &#8211; Deutsche Credit\",\"isPartOf\":{\"@id\":\"https:\\\/\\\/deutschecredit.eu\\\/de\\\/#website\"},\"datePublished\":\"2026-04-08T07:10:27+00:00\",\"dateModified\":\"2026-04-08T07:29:19+00:00\",\"breadcrumb\":{\"@id\":\"https:\\\/\\\/deutschecredit.eu\\\/de\\\/fuer-institutionelle-anleger\\\/#breadcrumb\"},\"inLanguage\":\"de\",\"potentialAction\":[{\"@type\":\"ReadAction\",\"target\":[\"https:\\\/\\\/deutschecredit.eu\\\/de\\\/fuer-institutionelle-anleger\\\/\"]}]},{\"@type\":\"BreadcrumbList\",\"@id\":\"https:\\\/\\\/deutschecredit.eu\\\/de\\\/fuer-institutionelle-anleger\\\/#breadcrumb\",\"itemListElement\":[{\"@type\":\"ListItem\",\"position\":1,\"name\":\"Startseite\",\"item\":\"https:\\\/\\\/deutschecredit.eu\\\/de\\\/\"},{\"@type\":\"ListItem\",\"position\":2,\"name\":\"F\u00fcr institutionelle Anleger\"}]},{\"@type\":\"WebSite\",\"@id\":\"https:\\\/\\\/deutschecredit.eu\\\/de\\\/#website\",\"url\":\"https:\\\/\\\/deutschecredit.eu\\\/de\\\/\",\"name\":\"DCCP Deutsche Credit GmbH\",\"description\":\"\",\"publisher\":{\"@id\":\"https:\\\/\\\/deutschecredit.eu\\\/de\\\/#organization\"},\"alternateName\":\"Deutsche Credit\",\"potentialAction\":[{\"@type\":\"SearchAction\",\"target\":{\"@type\":\"EntryPoint\",\"urlTemplate\":\"https:\\\/\\\/deutschecredit.eu\\\/de\\\/?s={search_term_string}\"},\"query-input\":{\"@type\":\"PropertyValueSpecification\",\"valueRequired\":true,\"valueName\":\"search_term_string\"}}],\"inLanguage\":\"de\"},{\"@type\":\"Organization\",\"@id\":\"https:\\\/\\\/deutschecredit.eu\\\/de\\\/#organization\",\"name\":\"DCCP Deutsche Credit GmbH\",\"alternateName\":\"Deutsche Credit\",\"url\":\"https:\\\/\\\/deutschecredit.eu\\\/de\\\/\",\"logo\":{\"@type\":\"ImageObject\",\"inLanguage\":\"de\",\"@id\":\"https:\\\/\\\/deutschecredit.eu\\\/de\\\/#\\\/schema\\\/logo\\\/image\\\/\",\"url\":\"https:\\\/\\\/deutschecredit.eu\\\/wp-content\\\/uploads\\\/2018\\\/12\\\/logo-1.png\",\"contentUrl\":\"https:\\\/\\\/deutschecredit.eu\\\/wp-content\\\/uploads\\\/2018\\\/12\\\/logo-1.png\",\"width\":534,\"height\":102,\"caption\":\"DCCP Deutsche Credit GmbH\"},\"image\":{\"@id\":\"https:\\\/\\\/deutschecredit.eu\\\/de\\\/#\\\/schema\\\/logo\\\/image\\\/\"},\"sameAs\":[\"https:\\\/\\\/www.linkedin.com\\\/company\\\/dccp\\\/\"]}]}<\/script>\n<!-- \/ Yoast SEO plugin. -->","yoast_head_json":{"title":"F\u00fcr institutionelle Anleger &#8211; Deutsche Credit","robots":{"index":"index","follow":"follow","max-snippet":"max-snippet:-1","max-image-preview":"max-image-preview:large","max-video-preview":"max-video-preview:-1"},"canonical":"https:\/\/deutschecredit.eu\/de\/fuer-institutionelle-anleger\/","og_locale":"de_DE","og_type":"article","og_title":"F\u00fcr institutionelle Anleger &#8211; Deutsche Credit","og_description":"F\u00fcr institutionelle Anleger Diversifizierte, kontinental-europ\u00e4ische Private Credit Investments in mittelst\u00e4ndisch gepr\u00e4gte Unternehmen f\u00fcr professionelle Investoren. Senior Loans &amp; Senior Private Placements Unsere Senior Loans &amp; Senior Private Placements Strategie fokussiert sich auf Kreditnehmer mit sehr guter Bonit\u00e4t (Investment Grade und Non-Investment Grade) im mittleren bis gehobenen Segment des Mittelstands, oftmals in Kombination mit einer klassischen [&hellip;]","og_url":"https:\/\/deutschecredit.eu\/de\/fuer-institutionelle-anleger\/","og_site_name":"Deutsche Credit","article_modified_time":"2026-04-08T07:29:19+00:00","og_image":[{"width":1920,"height":1280,"url":"https:\/\/deutschecredit.eu\/wp-content\/uploads\/2025\/10\/DeutscheCredit_Logo_Post.jpg","type":"image\/jpeg"}],"schema":{"@context":"https:\/\/schema.org","@graph":[{"@type":"WebPage","@id":"https:\/\/deutschecredit.eu\/de\/fuer-institutionelle-anleger\/","url":"https:\/\/deutschecredit.eu\/de\/fuer-institutionelle-anleger\/","name":"F\u00fcr institutionelle Anleger &#8211; Deutsche Credit","isPartOf":{"@id":"https:\/\/deutschecredit.eu\/de\/#website"},"datePublished":"2026-04-08T07:10:27+00:00","dateModified":"2026-04-08T07:29:19+00:00","breadcrumb":{"@id":"https:\/\/deutschecredit.eu\/de\/fuer-institutionelle-anleger\/#breadcrumb"},"inLanguage":"de","potentialAction":[{"@type":"ReadAction","target":["https:\/\/deutschecredit.eu\/de\/fuer-institutionelle-anleger\/"]}]},{"@type":"BreadcrumbList","@id":"https:\/\/deutschecredit.eu\/de\/fuer-institutionelle-anleger\/#breadcrumb","itemListElement":[{"@type":"ListItem","position":1,"name":"Startseite","item":"https:\/\/deutschecredit.eu\/de\/"},{"@type":"ListItem","position":2,"name":"F\u00fcr institutionelle Anleger"}]},{"@type":"WebSite","@id":"https:\/\/deutschecredit.eu\/de\/#website","url":"https:\/\/deutschecredit.eu\/de\/","name":"DCCP Deutsche Credit GmbH","description":"","publisher":{"@id":"https:\/\/deutschecredit.eu\/de\/#organization"},"alternateName":"Deutsche Credit","potentialAction":[{"@type":"SearchAction","target":{"@type":"EntryPoint","urlTemplate":"https:\/\/deutschecredit.eu\/de\/?s={search_term_string}"},"query-input":{"@type":"PropertyValueSpecification","valueRequired":true,"valueName":"search_term_string"}}],"inLanguage":"de"},{"@type":"Organization","@id":"https:\/\/deutschecredit.eu\/de\/#organization","name":"DCCP Deutsche Credit GmbH","alternateName":"Deutsche Credit","url":"https:\/\/deutschecredit.eu\/de\/","logo":{"@type":"ImageObject","inLanguage":"de","@id":"https:\/\/deutschecredit.eu\/de\/#\/schema\/logo\/image\/","url":"https:\/\/deutschecredit.eu\/wp-content\/uploads\/2018\/12\/logo-1.png","contentUrl":"https:\/\/deutschecredit.eu\/wp-content\/uploads\/2018\/12\/logo-1.png","width":534,"height":102,"caption":"DCCP Deutsche Credit GmbH"},"image":{"@id":"https:\/\/deutschecredit.eu\/de\/#\/schema\/logo\/image\/"},"sameAs":["https:\/\/www.linkedin.com\/company\/dccp\/"]}]}},"_links":{"self":[{"href":"https:\/\/deutschecredit.eu\/de\/wp-json\/wp\/v2\/pages\/5965","targetHints":{"allow":["GET"]}}],"collection":[{"href":"https:\/\/deutschecredit.eu\/de\/wp-json\/wp\/v2\/pages"}],"about":[{"href":"https:\/\/deutschecredit.eu\/de\/wp-json\/wp\/v2\/types\/page"}],"author":[{"embeddable":true,"href":"https:\/\/deutschecredit.eu\/de\/wp-json\/wp\/v2\/users\/12"}],"replies":[{"embeddable":true,"href":"https:\/\/deutschecredit.eu\/de\/wp-json\/wp\/v2\/comments?post=5965"}],"version-history":[{"count":2,"href":"https:\/\/deutschecredit.eu\/de\/wp-json\/wp\/v2\/pages\/5965\/revisions"}],"predecessor-version":[{"id":5995,"href":"https:\/\/deutschecredit.eu\/de\/wp-json\/wp\/v2\/pages\/5965\/revisions\/5995"}],"wp:attachment":[{"href":"https:\/\/deutschecredit.eu\/de\/wp-json\/wp\/v2\/media?parent=5965"}],"curies":[{"name":"wp","href":"https:\/\/api.w.org\/{rel}","templated":true}]}}