{"id":5997,"date":"2026-04-09T10:14:04","date_gmt":"2026-04-09T08:14:04","guid":{"rendered":"https:\/\/deutschecredit.eu\/?page_id=5997"},"modified":"2026-04-09T12:29:54","modified_gmt":"2026-04-09T10:29:54","slug":"home","status":"publish","type":"page","link":"https:\/\/deutschecredit.eu\/de\/","title":{"rendered":"Home"},"content":{"rendered":"\t\t<div data-elementor-type=\"wp-post\" data-elementor-id=\"5997\" class=\"elementor elementor-5997\" data-elementor-post-type=\"page\">\n\t\t\t\t<div class=\"elementor-element elementor-element-428d3421 e-flex e-con-boxed e-con e-parent\" data-id=\"428d3421\" data-element_type=\"container\" data-e-type=\"container\" data-settings=\"{&quot;background_background&quot;:&quot;video&quot;,&quot;background_video_link&quot;:&quot;https:\\\/\\\/backup.deutschecredit.eu\\\/wp-content\\\/uploads\\\/2025\\\/01\\\/FFM-Skyline-Video-Neu.mp4&quot;,&quot;background_play_on_mobile&quot;:&quot;yes&quot;}\">\n\t\t\t\t\t<div class=\"e-con-inner\">\n\t\t<div class=\"elementor-background-video-container\">\n\t\t\t\t\t\t\t<video class=\"elementor-background-video-hosted\" role=\"presentation\" autoplay muted playsinline loop><\/video>\n\t\t\t\t\t<\/div><div class=\"elementor-element elementor-element-3cf06fe9 e-con-full e-flex e-con e-child\" data-id=\"3cf06fe9\" data-element_type=\"container\" data-e-type=\"container\">\n\t\t\t\t<div class=\"elementor-element elementor-element-30b570e7 elementor-invisible elementor-widget elementor-widget-heading\" data-id=\"30b570e7\" data-element_type=\"widget\" data-e-type=\"widget\" data-settings=\"{&quot;_animation&quot;:&quot;fadeInUp&quot;,&quot;_animation_delay&quot;:350,&quot;ekit_we_effect_on&quot;:&quot;none&quot;}\" data-widget_type=\"heading.default\">\n\t\t\t\t\t<div class=\"elementor-heading-title elementor-size-default\">Die Kreditplattform f\u00fcr den Mittelstand<\/div>\t\t\t\t<\/div>\n\t\t\t\t<div class=\"elementor-element elementor-element-6fea5924 elementor-invisible elementor-widget elementor-widget-heading\" data-id=\"6fea5924\" data-element_type=\"widget\" data-e-type=\"widget\" data-settings=\"{&quot;_animation&quot;:&quot;fadeInUp&quot;,&quot;_animation_delay&quot;:300,&quot;ekit_we_effect_on&quot;:&quot;none&quot;}\" data-widget_type=\"heading.default\">\n\t\t\t\t\t<h1 class=\"elementor-heading-title elementor-size-default\">Deutsche Credit Capital Partners<\/h1>\t\t\t\t<\/div>\n\t\t\t\t<\/div>\n\t\t\t\t\t<\/div>\n\t\t\t\t<\/div>\n\t\t<div class=\"elementor-element elementor-element-68f13ce6 e-flex e-con-boxed e-con e-parent\" data-id=\"68f13ce6\" data-element_type=\"container\" data-e-type=\"container\" data-settings=\"{&quot;background_background&quot;:&quot;classic&quot;}\">\n\t\t\t\t\t<div class=\"e-con-inner\">\n\t\t<div class=\"elementor-element elementor-element-4988faf4 e-flex e-con-boxed e-con e-child\" data-id=\"4988faf4\" data-element_type=\"container\" data-e-type=\"container\">\n\t\t\t\t\t<div class=\"e-con-inner\">\n\t\t\t\t<div class=\"elementor-element elementor-element-bde1091 elementor-invisible elementor-widget elementor-widget-heading\" data-id=\"bde1091\" data-element_type=\"widget\" data-e-type=\"widget\" data-settings=\"{&quot;_animation&quot;:&quot;fadeInUp&quot;,&quot;_animation_delay&quot;:200,&quot;ekit_we_effect_on&quot;:&quot;none&quot;}\" data-widget_type=\"heading.default\">\n\t\t\t\t\t<h6 class=\"elementor-heading-title elementor-size-default\">\u00dcber uns<\/h6>\t\t\t\t<\/div>\n\t\t\t\t<div class=\"elementor-element elementor-element-6e006b54 elementor-invisible elementor-widget elementor-widget-heading\" data-id=\"6e006b54\" data-element_type=\"widget\" data-e-type=\"widget\" data-settings=\"{&quot;_animation&quot;:&quot;fadeInUp&quot;,&quot;_animation_delay&quot;:300,&quot;ekit_we_effect_on&quot;:&quot;none&quot;}\" data-widget_type=\"heading.default\">\n\t\t\t\t\t<h2 class=\"elementor-heading-title elementor-size-default\">Die Deutsche Credit ist ein deutscher Asset Manager f\u00fcr multiple alternative, bankenunabh\u00e4ngige Finanzierungsstrategien. Unser Team von Finanzierungsexperten mit langj\u00e4hriger Expertise im Firmenkundengesch\u00e4ft, der Kreditstrukturierung und dem Risikomanagement von Kreditportfolien strukturiert und arrangiert Fremdkapital f\u00fcr mittelst\u00e4ndische und Private Equity gef\u00fchrte Unternehmen, vorrangig in DACH, BeNeLux, Skandinavien, sowie weiteren ausgew\u00e4hlten europ\u00e4ischen Jurisdiktionen.<\/h2>\t\t\t\t<\/div>\n\t\t\t\t<div class=\"elementor-element elementor-element-45acc49 elementor-align-left elementor-widget elementor-widget-button\" data-id=\"45acc49\" data-element_type=\"widget\" data-e-type=\"widget\" data-settings=\"{&quot;ekit_we_effect_on&quot;:&quot;none&quot;}\" data-widget_type=\"button.default\">\n\t\t\t\t\t\t\t\t\t\t<a class=\"elementor-button elementor-button-link elementor-size-sm\" href=\"https:\/\/backup.deutschecredit.eu\/de\/ueber-uns\/\">\n\t\t\t\t\t\t<span class=\"elementor-button-content-wrapper\">\n\t\t\t\t\t\t\t\t\t<span class=\"elementor-button-text\">weitere Informationen<\/span>\n\t\t\t\t\t<\/span>\n\t\t\t\t\t<\/a>\n\t\t\t\t\t\t\t\t<\/div>\n\t\t\t\t\t<\/div>\n\t\t\t\t<\/div>\n\t\t\t\t\t<\/div>\n\t\t\t\t<\/div>\n\t\t<div class=\"elementor-element elementor-element-34d5738 e-flex e-con-boxed e-con e-parent\" data-id=\"34d5738\" data-element_type=\"container\" data-e-type=\"container\" data-settings=\"{&quot;background_background&quot;:&quot;classic&quot;}\">\n\t\t\t\t\t<div class=\"e-con-inner\">\n\t\t<div class=\"elementor-element elementor-element-bf0517a e-flex e-con-boxed e-con e-child\" data-id=\"bf0517a\" data-element_type=\"container\" data-e-type=\"container\">\n\t\t\t\t\t<div class=\"e-con-inner\">\n\t\t\t\t<div class=\"elementor-element elementor-element-45dde88 elementor-invisible elementor-widget elementor-widget-heading\" data-id=\"45dde88\" data-element_type=\"widget\" data-e-type=\"widget\" data-settings=\"{&quot;_animation&quot;:&quot;fadeInUp&quot;,&quot;_animation_delay&quot;:200,&quot;ekit_we_effect_on&quot;:&quot;none&quot;}\" data-widget_type=\"heading.default\">\n\t\t\t\t\t<h6 class=\"elementor-heading-title elementor-size-default\">Unser Angebot<\/h6>\t\t\t\t<\/div>\n\t\t\t\t<div class=\"elementor-element elementor-element-35041bf elementor-invisible elementor-widget elementor-widget-heading\" data-id=\"35041bf\" data-element_type=\"widget\" data-e-type=\"widget\" data-settings=\"{&quot;_animation&quot;:&quot;fadeInUp&quot;,&quot;_animation_delay&quot;:300,&quot;ekit_we_effect_on&quot;:&quot;none&quot;}\" data-widget_type=\"heading.default\">\n\t\t\t\t\t<h2 class=\"elementor-heading-title elementor-size-default\">Die Deutsche Credit strukturiert und arrangiert vor allem erstrangig besicherte Darlehen f\u00fcr mittelst\u00e4ndische und Private Equity gef\u00fchrte Unternehmen, vorrangig in DACH, BeNeLux, Skandinavien, sowie weiteren ausgew\u00e4hlten europ\u00e4ischen Jurisdiktionen.<\/h2>\t\t\t\t<\/div>\n\t\t\t\t<div class=\"elementor-element elementor-element-36b5231 elementor-align-left elementor-widget elementor-widget-button\" data-id=\"36b5231\" data-element_type=\"widget\" data-e-type=\"widget\" data-settings=\"{&quot;ekit_we_effect_on&quot;:&quot;none&quot;}\" data-widget_type=\"button.default\">\n\t\t\t\t\t\t\t\t\t\t<a class=\"elementor-button elementor-button-link elementor-size-sm\" href=\"https:\/\/backup.deutschecredit.eu\/de\/fuer-kreditnehmer\/\">\n\t\t\t\t\t\t<span class=\"elementor-button-content-wrapper\">\n\t\t\t\t\t\t\t\t\t<span class=\"elementor-button-text\">weitere Informationen<\/span>\n\t\t\t\t\t<\/span>\n\t\t\t\t\t<\/a>\n\t\t\t\t\t\t\t\t<\/div>\n\t\t\t\t\t<\/div>\n\t\t\t\t<\/div>\n\t\t\t\t\t<\/div>\n\t\t\t\t<\/div>\n\t\t<div class=\"elementor-element elementor-element-803717f e-flex e-con-boxed e-con e-parent\" data-id=\"803717f\" data-element_type=\"container\" data-e-type=\"container\" data-settings=\"{&quot;background_background&quot;:&quot;classic&quot;}\">\n\t\t\t\t\t<div class=\"e-con-inner\">\n\t\t<div class=\"elementor-element elementor-element-e7e2b90 e-flex e-con-boxed e-con e-child\" data-id=\"e7e2b90\" data-element_type=\"container\" data-e-type=\"container\">\n\t\t\t\t\t<div class=\"e-con-inner\">\n\t\t\t\t<div class=\"elementor-element elementor-element-5d28f09 elementor-invisible elementor-widget elementor-widget-heading\" data-id=\"5d28f09\" data-element_type=\"widget\" data-e-type=\"widget\" data-settings=\"{&quot;_animation&quot;:&quot;fadeInUp&quot;,&quot;_animation_delay&quot;:200,&quot;ekit_we_effect_on&quot;:&quot;none&quot;}\" data-widget_type=\"heading.default\">\n\t\t\t\t\t<h6 class=\"elementor-heading-title elementor-size-default\">Kontakt<\/h6>\t\t\t\t<\/div>\n\t\t\t\t<div class=\"elementor-element elementor-element-f7f474f elementor-invisible elementor-widget elementor-widget-heading\" data-id=\"f7f474f\" data-element_type=\"widget\" data-e-type=\"widget\" data-settings=\"{&quot;_animation&quot;:&quot;fadeInUp&quot;,&quot;_animation_delay&quot;:300,&quot;ekit_we_effect_on&quot;:&quot;none&quot;}\" data-widget_type=\"heading.default\">\n\t\t\t\t\t<h2 class=\"elementor-heading-title elementor-size-default\">Neben dem Hauptsitz in Frankfurt ist die Deutsche Credit mit weiteren Standorten in Hamburg, Z\u00fcrich und Luxemburg vertreten.<\/h2>\t\t\t\t<\/div>\n\t\t\t\t<div class=\"elementor-element elementor-element-a805818 elementor-widget elementor-widget-text-editor\" data-id=\"a805818\" data-element_type=\"widget\" data-e-type=\"widget\" data-settings=\"{&quot;ekit_we_effect_on&quot;:&quot;none&quot;}\" data-widget_type=\"text-editor.default\">\n\t\t\t\t\t\t\t\t\t<p>Wir freuen uns auf <a href=\"&#x6d;a&#x69;&#108;&#x74;&#111;&#x3a;&#x69;n&#x66;&#111;&#x40;&#100;&#x65;&#117;t&#x73;&#99;&#x68;&#101;&#x63;&#114;e&#x64;&#105;&#x74;&#46;&#x65;&#117;\">Ihre Anfrage.<\/a><\/p>\t\t\t\t\t\t\t\t<\/div>\n\t\t\t\t<div class=\"elementor-element elementor-element-4e43044 elementor-align-left elementor-widget elementor-widget-button\" data-id=\"4e43044\" data-element_type=\"widget\" data-e-type=\"widget\" data-settings=\"{&quot;ekit_we_effect_on&quot;:&quot;none&quot;}\" data-widget_type=\"button.default\">\n\t\t\t\t\t\t\t\t\t\t<a class=\"elementor-button elementor-button-link elementor-size-sm\" href=\"https:\/\/backup.deutschecredit.eu\/de\/kontakt\/\">\n\t\t\t\t\t\t<span class=\"elementor-button-content-wrapper\">\n\t\t\t\t\t\t\t\t\t<span class=\"elementor-button-text\">weitere Informationen<\/span>\n\t\t\t\t\t<\/span>\n\t\t\t\t\t<\/a>\n\t\t\t\t\t\t\t\t<\/div>\n\t\t\t\t\t<\/div>\n\t\t\t\t<\/div>\n\t\t\t\t\t<\/div>\n\t\t\t\t<\/div>\n\t\t\t\t<\/div>\n\t\t","protected":false},"excerpt":{"rendered":"<p>Die Kreditplattform f\u00fcr den Mittelstand Deutsche Credit Capital Partners \u00dcber uns Die Deutsche Credit ist ein deutscher Asset Manager f\u00fcr multiple alternative, bankenunabh\u00e4ngige Finanzierungsstrategien. Unser Team von Finanzierungsexperten mit langj\u00e4hriger Expertise im Firmenkundengesch\u00e4ft, der Kreditstrukturierung und dem Risikomanagement von Kreditportfolien strukturiert und arrangiert Fremdkapital f\u00fcr mittelst\u00e4ndische und Private Equity gef\u00fchrte Unternehmen, vorrangig in DACH, BeNeLux, [&hellip;]<\/p>\n","protected":false},"author":12,"featured_media":1184,"parent":0,"menu_order":4,"comment_status":"closed","ping_status":"closed","template":"elementor_header_footer","meta":{"_acf_changed":false,"footnotes":""},"class_list":["post-5997","page","type-page","status-publish","has-post-thumbnail","hentry"],"acf":[],"yoast_head":"<!-- This site is optimized with the Yoast SEO plugin v27.3 - https:\/\/yoast.com\/product\/yoast-seo-wordpress\/ -->\n<title>Home &#8211; Deutsche Credit<\/title>\n<meta name=\"robots\" content=\"index, follow, max-snippet:-1, max-image-preview:large, max-video-preview:-1\" \/>\n<link rel=\"canonical\" href=\"https:\/\/deutschecredit.eu\/de\/\" \/>\n<meta property=\"og:locale\" content=\"de_DE\" \/>\n<meta property=\"og:type\" content=\"article\" \/>\n<meta property=\"og:title\" content=\"Home &#8211; Deutsche Credit\" \/>\n<meta property=\"og:description\" content=\"Die Kreditplattform f\u00fcr den Mittelstand Deutsche Credit Capital Partners \u00dcber uns Die Deutsche Credit ist ein deutscher Asset Manager f\u00fcr multiple alternative, bankenunabh\u00e4ngige Finanzierungsstrategien. Unser Team von Finanzierungsexperten mit langj\u00e4hriger Expertise im Firmenkundengesch\u00e4ft, der Kreditstrukturierung und dem Risikomanagement von Kreditportfolien strukturiert und arrangiert Fremdkapital f\u00fcr mittelst\u00e4ndische und Private Equity gef\u00fchrte Unternehmen, vorrangig in DACH, BeNeLux, [&hellip;]\" \/>\n<meta property=\"og:url\" content=\"https:\/\/deutschecredit.eu\/de\/\" \/>\n<meta property=\"og:site_name\" content=\"Deutsche Credit\" \/>\n<meta property=\"article:modified_time\" content=\"2026-04-09T10:29:54+00:00\" \/>\n<meta property=\"og:image\" content=\"https:\/\/deutschecredit.eu\/wp-content\/uploads\/2025\/01\/videoposter.jpg\" \/>\n\t<meta property=\"og:image:width\" content=\"1436\" \/>\n\t<meta property=\"og:image:height\" content=\"807\" \/>\n\t<meta property=\"og:image:type\" content=\"image\/jpeg\" \/>\n<script type=\"application\/ld+json\" class=\"yoast-schema-graph\">{\"@context\":\"https:\\\/\\\/schema.org\",\"@graph\":[{\"@type\":\"WebPage\",\"@id\":\"https:\\\/\\\/deutschecredit.eu\\\/de\\\/\",\"url\":\"https:\\\/\\\/deutschecredit.eu\\\/de\\\/\",\"name\":\"Home &#8211; Deutsche Credit\",\"isPartOf\":{\"@id\":\"https:\\\/\\\/deutschecredit.eu\\\/de\\\/#website\"},\"primaryImageOfPage\":{\"@id\":\"https:\\\/\\\/deutschecredit.eu\\\/de\\\/#primaryimage\"},\"image\":{\"@id\":\"https:\\\/\\\/deutschecredit.eu\\\/de\\\/#primaryimage\"},\"thumbnailUrl\":\"https:\\\/\\\/deutschecredit.eu\\\/wp-content\\\/uploads\\\/2025\\\/01\\\/videoposter.jpg\",\"datePublished\":\"2026-04-09T08:14:04+00:00\",\"dateModified\":\"2026-04-09T10:29:54+00:00\",\"breadcrumb\":{\"@id\":\"https:\\\/\\\/deutschecredit.eu\\\/de\\\/#breadcrumb\"},\"inLanguage\":\"de\",\"potentialAction\":[{\"@type\":\"ReadAction\",\"target\":[\"https:\\\/\\\/deutschecredit.eu\\\/de\\\/\"]}]},{\"@type\":\"ImageObject\",\"inLanguage\":\"de\",\"@id\":\"https:\\\/\\\/deutschecredit.eu\\\/de\\\/#primaryimage\",\"url\":\"https:\\\/\\\/deutschecredit.eu\\\/wp-content\\\/uploads\\\/2025\\\/01\\\/videoposter.jpg\",\"contentUrl\":\"https:\\\/\\\/deutschecredit.eu\\\/wp-content\\\/uploads\\\/2025\\\/01\\\/videoposter.jpg\",\"width\":1436,\"height\":807},{\"@type\":\"BreadcrumbList\",\"@id\":\"https:\\\/\\\/deutschecredit.eu\\\/de\\\/#breadcrumb\",\"itemListElement\":[{\"@type\":\"ListItem\",\"position\":1,\"name\":\"Startseite\",\"item\":\"https:\\\/\\\/deutschecredit.eu\\\/de\\\/\"},{\"@type\":\"ListItem\",\"position\":2,\"name\":\"Home\"}]},{\"@type\":\"WebSite\",\"@id\":\"https:\\\/\\\/deutschecredit.eu\\\/de\\\/#website\",\"url\":\"https:\\\/\\\/deutschecredit.eu\\\/de\\\/\",\"name\":\"DCCP Deutsche Credit GmbH\",\"description\":\"\",\"publisher\":{\"@id\":\"https:\\\/\\\/deutschecredit.eu\\\/de\\\/#organization\"},\"alternateName\":\"Deutsche Credit\",\"potentialAction\":[{\"@type\":\"SearchAction\",\"target\":{\"@type\":\"EntryPoint\",\"urlTemplate\":\"https:\\\/\\\/deutschecredit.eu\\\/de\\\/?s={search_term_string}\"},\"query-input\":{\"@type\":\"PropertyValueSpecification\",\"valueRequired\":true,\"valueName\":\"search_term_string\"}}],\"inLanguage\":\"de\"},{\"@type\":\"Organization\",\"@id\":\"https:\\\/\\\/deutschecredit.eu\\\/de\\\/#organization\",\"name\":\"DCCP Deutsche Credit GmbH\",\"alternateName\":\"Deutsche Credit\",\"url\":\"https:\\\/\\\/deutschecredit.eu\\\/de\\\/\",\"logo\":{\"@type\":\"ImageObject\",\"inLanguage\":\"de\",\"@id\":\"https:\\\/\\\/deutschecredit.eu\\\/de\\\/#\\\/schema\\\/logo\\\/image\\\/\",\"url\":\"https:\\\/\\\/deutschecredit.eu\\\/wp-content\\\/uploads\\\/2018\\\/12\\\/logo-1.png\",\"contentUrl\":\"https:\\\/\\\/deutschecredit.eu\\\/wp-content\\\/uploads\\\/2018\\\/12\\\/logo-1.png\",\"width\":534,\"height\":102,\"caption\":\"DCCP Deutsche Credit GmbH\"},\"image\":{\"@id\":\"https:\\\/\\\/deutschecredit.eu\\\/de\\\/#\\\/schema\\\/logo\\\/image\\\/\"},\"sameAs\":[\"https:\\\/\\\/www.linkedin.com\\\/company\\\/dccp\\\/\"]}]}<\/script>\n<!-- \/ Yoast SEO plugin. -->","yoast_head_json":{"title":"Home &#8211; Deutsche Credit","robots":{"index":"index","follow":"follow","max-snippet":"max-snippet:-1","max-image-preview":"max-image-preview:large","max-video-preview":"max-video-preview:-1"},"canonical":"https:\/\/deutschecredit.eu\/de\/","og_locale":"de_DE","og_type":"article","og_title":"Home &#8211; Deutsche Credit","og_description":"Die Kreditplattform f\u00fcr den Mittelstand Deutsche Credit Capital Partners \u00dcber uns Die Deutsche Credit ist ein deutscher Asset Manager f\u00fcr multiple alternative, bankenunabh\u00e4ngige Finanzierungsstrategien. Unser Team von Finanzierungsexperten mit langj\u00e4hriger Expertise im Firmenkundengesch\u00e4ft, der Kreditstrukturierung und dem Risikomanagement von Kreditportfolien strukturiert und arrangiert Fremdkapital f\u00fcr mittelst\u00e4ndische und Private Equity gef\u00fchrte Unternehmen, vorrangig in DACH, BeNeLux, [&hellip;]","og_url":"https:\/\/deutschecredit.eu\/de\/","og_site_name":"Deutsche Credit","article_modified_time":"2026-04-09T10:29:54+00:00","og_image":[{"width":1436,"height":807,"url":"https:\/\/deutschecredit.eu\/wp-content\/uploads\/2025\/01\/videoposter.jpg","type":"image\/jpeg"}],"schema":{"@context":"https:\/\/schema.org","@graph":[{"@type":"WebPage","@id":"https:\/\/deutschecredit.eu\/de\/","url":"https:\/\/deutschecredit.eu\/de\/","name":"Home &#8211; Deutsche Credit","isPartOf":{"@id":"https:\/\/deutschecredit.eu\/de\/#website"},"primaryImageOfPage":{"@id":"https:\/\/deutschecredit.eu\/de\/#primaryimage"},"image":{"@id":"https:\/\/deutschecredit.eu\/de\/#primaryimage"},"thumbnailUrl":"https:\/\/deutschecredit.eu\/wp-content\/uploads\/2025\/01\/videoposter.jpg","datePublished":"2026-04-09T08:14:04+00:00","dateModified":"2026-04-09T10:29:54+00:00","breadcrumb":{"@id":"https:\/\/deutschecredit.eu\/de\/#breadcrumb"},"inLanguage":"de","potentialAction":[{"@type":"ReadAction","target":["https:\/\/deutschecredit.eu\/de\/"]}]},{"@type":"ImageObject","inLanguage":"de","@id":"https:\/\/deutschecredit.eu\/de\/#primaryimage","url":"https:\/\/deutschecredit.eu\/wp-content\/uploads\/2025\/01\/videoposter.jpg","contentUrl":"https:\/\/deutschecredit.eu\/wp-content\/uploads\/2025\/01\/videoposter.jpg","width":1436,"height":807},{"@type":"BreadcrumbList","@id":"https:\/\/deutschecredit.eu\/de\/#breadcrumb","itemListElement":[{"@type":"ListItem","position":1,"name":"Startseite","item":"https:\/\/deutschecredit.eu\/de\/"},{"@type":"ListItem","position":2,"name":"Home"}]},{"@type":"WebSite","@id":"https:\/\/deutschecredit.eu\/de\/#website","url":"https:\/\/deutschecredit.eu\/de\/","name":"DCCP Deutsche Credit GmbH","description":"","publisher":{"@id":"https:\/\/deutschecredit.eu\/de\/#organization"},"alternateName":"Deutsche Credit","potentialAction":[{"@type":"SearchAction","target":{"@type":"EntryPoint","urlTemplate":"https:\/\/deutschecredit.eu\/de\/?s={search_term_string}"},"query-input":{"@type":"PropertyValueSpecification","valueRequired":true,"valueName":"search_term_string"}}],"inLanguage":"de"},{"@type":"Organization","@id":"https:\/\/deutschecredit.eu\/de\/#organization","name":"DCCP Deutsche Credit GmbH","alternateName":"Deutsche Credit","url":"https:\/\/deutschecredit.eu\/de\/","logo":{"@type":"ImageObject","inLanguage":"de","@id":"https:\/\/deutschecredit.eu\/de\/#\/schema\/logo\/image\/","url":"https:\/\/deutschecredit.eu\/wp-content\/uploads\/2018\/12\/logo-1.png","contentUrl":"https:\/\/deutschecredit.eu\/wp-content\/uploads\/2018\/12\/logo-1.png","width":534,"height":102,"caption":"DCCP Deutsche Credit GmbH"},"image":{"@id":"https:\/\/deutschecredit.eu\/de\/#\/schema\/logo\/image\/"},"sameAs":["https:\/\/www.linkedin.com\/company\/dccp\/"]}]}},"_links":{"self":[{"href":"https:\/\/deutschecredit.eu\/de\/wp-json\/wp\/v2\/pages\/5997","targetHints":{"allow":["GET"]}}],"collection":[{"href":"https:\/\/deutschecredit.eu\/de\/wp-json\/wp\/v2\/pages"}],"about":[{"href":"https:\/\/deutschecredit.eu\/de\/wp-json\/wp\/v2\/types\/page"}],"author":[{"embeddable":true,"href":"https:\/\/deutschecredit.eu\/de\/wp-json\/wp\/v2\/users\/12"}],"replies":[{"embeddable":true,"href":"https:\/\/deutschecredit.eu\/de\/wp-json\/wp\/v2\/comments?post=5997"}],"version-history":[{"count":2,"href":"https:\/\/deutschecredit.eu\/de\/wp-json\/wp\/v2\/pages\/5997\/revisions"}],"predecessor-version":[{"id":6003,"href":"https:\/\/deutschecredit.eu\/de\/wp-json\/wp\/v2\/pages\/5997\/revisions\/6003"}],"wp:featuredmedia":[{"embeddable":true,"href":"https:\/\/deutschecredit.eu\/de\/wp-json\/wp\/v2\/media\/1184"}],"wp:attachment":[{"href":"https:\/\/deutschecredit.eu\/de\/wp-json\/wp\/v2\/media?parent=5997"}],"curies":[{"name":"wp","href":"https:\/\/api.w.org\/{rel}","templated":true}]}}